{"id":113,"date":"2021-10-06T12:35:55","date_gmt":"2021-10-06T10:35:55","guid":{"rendered":"https:\/\/burningsun.eu\/?page_id=113"},"modified":"2021-10-22T12:23:55","modified_gmt":"2021-10-22T10:23:55","slug":"termini-e-condizioni","status":"publish","type":"page","link":"https:\/\/burningsun.eu\/en\/termini-e-condizioni\/","title":{"rendered":"Termini e condizioni"},"content":{"rendered":"\n<p><strong>Art. 1 \u2013 Disposizioni generali<\/strong><\/p>\n\n\n\n<ol class=\"wp-block-list\"><li>L\u2019utente navigando in quest\u2019area accede a www.burningsun.eu, accessibile mediante l\u2019url: www.burningsun.eu. La navigazione e la trasmissione di un ordine di acquisto sul sito comportano l\u2019accettazione delle Condizioni e delle Politiche di Protezione dei Dati adottate dal sito stesso ivi indicate.<\/li><li>Le presenti Condizioni Generali di Vendita si applicano alla vendita di beni ed alla fornitura di servizi con esclusivo riferimento agli acquisti effettuati sul sito conformemente alle disposizioni della Parte III, Titolo III, Capo I, Codice del Consumo (D.lgs. n. 206\/05 modificato dal D.lgs. n. 21\/14 e D.lgs. 70\/03) da parte di<br>Societ\u00e0 Fanuco srls<br>Sede: Via Acqua del Fico snc<br>Partita IVA: IT05927660653<br>Iscritta al REA, numero SA-484548<\/li><\/ol>\n\n\n\n<ol class=\"wp-block-list\"><li>L\u2019utente \u00e8 tenuto, prima di accedere ai prodotti e servizi forniti dal sito, a leggere le presenti Condizioni Generali di Vendita che si intendono generalmente ed inequivocabilmente accettate al momento dell\u2019acquisto.<\/li><li>Si invita l\u2019utente a scaricare e stampare una copia del modulo d\u2019acquisto e delle presenti Condizioni Generali di Vendita i cui termini www.burningsun.eu si riserva di modificare unilateralmente e senza alcun preavviso.<\/li><\/ol>\n\n\n\n<p><\/p>\n\n\n\n<p><strong>Art. 2 \u2013 Oggetto<\/strong><\/p>\n\n\n\n<ol class=\"wp-block-list\"><li>Le presenti Condizioni Generali di Vendita disciplinano l\u2019offerta, l\u2019inoltro e l\u2019accettazione di ordini d\u2019acquisto di di bene e servizi su www.burningsun.eu e non disciplinano, invece, la fornitura di servizi o la vendita di prodotti da parte di soggetti diversi dal venditore che siano presenti sul medesimo sito tramite link, banner o altri collegamenti ipertestuali.<\/li><li>Prima di inoltrare ordini ed acquistare prodotti e servizi da soggetti diversi, suggeriamo di verificare le loro condizioni di vendita.<br><\/li><\/ol>\n\n\n\n<p><strong>Art. 3 \u2013 Conclusione del contratto<\/strong><\/p>\n\n\n\n<ol class=\"wp-block-list\"><li>Per concludere il contratto di acquisto, sar\u00e0 necessario compilare il formulario in formato elettronico e trasmetterlo seguendo le relative istruzioni.<\/li><li>In esso sono contenuti il rinvio alle Condizioni Generali di Vendita, le informazioni su ciascun servizio acquistato e le immagini di ciascun prodotto ed il relativo prezzo, i mezzi di pagamento che \u00e8 possibile utilizzare, le modalit\u00e0 di consegna dei prodotti acquistati e i relativi costi di spedizione e consegna, un rimando alle condizioni per l\u2019esercizio del diritto di recesso; modalit\u00e0 e tempi di restituzione dei prodotti acquistati. Il venditore non \u00e8 responsabile dell\u2019eventuale inadeguatezza delle rappresentazioni grafiche di prodotti mostrati qualora dovuta a ragioni tecniche, dal momento che le rappresentazioni hanno funzione meramente illustrativa.<\/li><li>Prima di concludere il contratto, sar\u00e0 chiesto di confermare l\u2019avvenuta lettura delle Condizioni Generali di Vendita comprensive dell\u2019Informativa sul diritto di recesso e del trattamento dei dati personali.<\/li><li>Il contratto \u00e8 concluso quando il venditore riceve il formulario compilato dall\u2019utente, previa verifica della correttezza dei dati ivi contenuti.<\/li><li>L\u2019utente sar\u00e0 obbligato al pagamento del prezzo dal momento in cui la procedura di inoltro dell\u2019ordine on line sar\u00e0 conclusa. Ci\u00f2 avverr\u00e0 cliccando sul tasto \u201ccheck-out\u201d alla fine della procedura guidata.<\/li><li>Concluso il contratto, il venditore prende in carico l\u2019ordine per la sua evasione.<\/li><\/ol>\n\n\n\n<p><br><strong>Art. 4 \u2013 Utenti registrati<\/strong><\/p>\n\n\n\n<ol class=\"wp-block-list\"><li>Nel completare le procedure di registrazione, l\u2019utente si obbliga a seguire le indicazioni presenti sul sito e a fornire i propri dati personali in maniera corretta e veritiera.<\/li><li>Una volta effettuata la registrazione, l\u2019utente ricever\u00e0 una mail di conferma nella email da lui fornita. La conferma dovr\u00e0 essere comunicata al massimo entro 30 giorni. Trascorso questo periodo, in difetto di conferma, www.burningsun.it sar\u00e0 liberato da ogni impegno nei confronti dell\u2019utente.<\/li><li>La conferma esonerer\u00e0 in ogni caso www.burningsun.it da ogni responsabilit\u00e0 circa i dati forniti dall\u2019utente. L\u2019 utente si obbliga a informare tempestivamente www.burningsun.eu di qualsiasi variazione dei propri dati in ogni tempo comunicati.<\/li><li>Qualora poi l\u2019utente comunichi dati non esatti o incompleti ovvero anche nel caso in cui vi sia contestazione da parte dei soggetti interessati circa i pagamenti effettuati, www.burningsun.it avr\u00e0 facolt\u00e0 di non attivare ovvero di sospendere il servizio fino a sanatoria delle relative mancanze.<\/li><li>In occasione della prima richiesta di attivazione di un profilo da parte dell\u2019utente, www.burningsun.it attribuir\u00e0 allo stesso nome utente ed una password. Quest\u2019ultimo riconosce che tali identificativi costituiscono il sistema di validazione degli accessi dell\u2019utente ai Servizi ed il solo sistema idoneo ad identificare l\u2019utente che gli atti compiuti mediante tale accesso saranno a lui attribuiti e avranno efficacia vincolante nei suoi confronti.<\/li><li>L\u2019utente si obbliga a mantenerne la segretezza dei suoi dati d\u2019accesso e a custodirli con la dovuta cura e diligenza e a non cederli anche temporaneamente a terzi.<\/li><\/ol>\n\n\n\n<p><br><strong>Art. 5 \u2013 Disponibilit\u00e0 dei prodotti<\/strong><\/p>\n\n\n\n<ol class=\"wp-block-list\"><li>La disponibilit\u00e0 dei prodotti si riferisce alla disponibilit\u00e0 effettiva nel momento in cui l\u2019utente effettua l\u2019ordine. Tale disponibilit\u00e0 deve comunque essere considerata puramente indicativa perch\u00e9, per effetto della contemporanea presenza sul sito di pi\u00f9 utenti, i prodotti potrebbero essere venduti ad altri clienti prima della conferma dell\u2019ordine.<\/li><li>Anche in seguito all\u2019invio dell\u2019e-mail di conferma dell\u2019ordine potrebbero verificarsi casi di indisponibilit\u00e0 parziale o totale della merce. In questa eventualit\u00e0, l\u2019ordine verr\u00e0 rettificato automaticamente con l\u2019eliminazione del prodotto non disponibile e l\u2019utente verr\u00e0 immediatamente informato via e-mail.<\/li><li>Se l\u2019utente richiede l\u2019annullamento dell\u2019ordine, risolvendo il contratto, www.burningsun.eu rimborser\u00e0 l\u2019importo pagato entro 30 giorni a partire dal momento in cui www.burningsun.eu ha avuto conoscenza della decisione del l\u2019acquirente di risolvere il contratto.<\/li><\/ol>\n\n\n\n<p><strong>Art. 6 \u2013 Prodotti offerti<\/strong><\/p>\n\n\n\n<ol class=\"wp-block-list\"><li>www.burningsun.eu commercializza: Erbe medicinali, integratori alimentari, prodotti bio e ecosostenibili.<\/li><li>L\u2019offerta \u00e8 dettagliata nel nostro sito al link: https:\/\/burningsun.eu\/negozio.<\/li><\/ol>\n\n\n\n<p><br><strong>Art. 7 \u2013 Programma fedelt\u00e0<\/strong><\/p>\n\n\n\n<p>E\u2019 previsto il programma di raccolta punti denominato: <strong><em>__<\/em><\/strong>.<br>Il programma si svolge con le seguenti modalit\u00e0:<\/p>\n\n\n\n<p>Il regolamento \u00e8 consultabile sulla nostra pagina web.<\/p>\n\n\n\n<p><strong>Art. 8 \u2013 Modalit\u00e0 di pagamento e prezzi<\/strong><\/p>\n\n\n\n<ol class=\"wp-block-list\"><li>Il prezzo dei prodotti e servizi sar\u00e0 quello indicato di volta in volta sul sito, salvo laddove sussista un errore palese.<\/li><li>In caso di errore www.burningsun.it avviser\u00e0 prima possibile l\u2019acquirente consentendo la conferma dell\u2019ordine al giusto importo ovvero l\u2019annullamento. Non sussister\u00e0 ad ogni modo per www.burningsun.it l\u2019obbligo di fornire quanto venduto al prezzo inferiore erroneamente indicato.<\/li><li>I prezzi del sito sono comprensivi di IVA e non includono le spese di spedizione. I prezzi possono subire variazioni in qualsiasi momento. I cambiamenti non riguardano gli ordini per i quali sia stata gi\u00e0 inviata conferma dell\u2019ordine.<\/li><li>Una volta selezionati i prodotti e servizi desiderati, essi saranno aggiunti al carrello. Sar\u00e0 sufficiente seguire le istruzioni per l\u2019acquisto, inserendo o verificando le informazioni richieste in ogni passaggio del processo. I dettagli dell\u2019ordine potranno essere modificati prima del pagamento.<\/li><li>Il pagamento pu\u00f2 essere effettuato tramite: Paypal, Carte di credito ( Visa, America Express, Master Card, Maestro, iDEAL, Bancontact, Shop Pay, Apple Pay, Google Pay)<\/li><\/ol>\n\n\n\n<p><\/p>\n\n\n\n<p><strong>Art. 9 \u2013 Consegna<\/strong><\/p>\n\n\n\n<ol class=\"wp-block-list\"><li>www.burningsun.eu effettua spedizioni in tutto il territorio italiano, escluse lo stato di Citt\u00e0 del Vaticano e la Repubblica di San Marino.<\/li><li>www.burningsun.eu effettuer\u00e0 solamente consegne presso il domicilio dell\u2019utente, fornito al momento dell\u2019acquisto.<\/li><li>La consegna viene effettuata, per il territorio italiano, generalmente entro 1-2 giorni lavorativi, o, qualora non fosse specificata alcuna data di consegna, entro il termine stimato al momento della selezione della modalit\u00e0 di consegna e, in ogni caso, entro il termine massimo di trenta giorni dalla data della conferma.<\/li><li>Per quanto riguarda i Paesi dell\u2019Unione Europea la consegna sar\u00e0 effettuata in 2 \u2013 3 giorni lavorativi, ed in ogni caso, entro il termine massimo di trenta giorni.<\/li><li>Qualora non fosse possibile effettuare la consegna, l\u2019ordine verr\u00e0 inviato al deposito. In tale evenienza, un avviso preciser\u00e0 luogo in cui si trova l\u2019ordine e le modalit\u00e0 con cui concordare una nuova consegna.<\/li><li>Qualora non fosse in grado di essere presente nel luogo di consegna all\u2019orario concordato, Le chiediamo di contattarci nuovamente per concordare una nuova data di consegna.<\/li><li>Qualora la consegna non possa avere luogo per cause a noi non imputabili dopo trenta giorni dalla data in cui l\u2019ordine \u00e8 disponibile per la consegna, assumeremo che si intenda risolvere il contratto.<\/li><li>In conseguenza della risoluzione gli importi saranno restituiti, inclusi i costi di consegna con l\u2019esclusione di eventuali costi addizionali derivanti dalla scelta di un metodo di consegna diverso dal metodo ordinario offerto senza ingiustificato ritardo e, in ogni caso, entro 30 giorni dalla data di risoluzione del contratto. Il trasporto derivante dalla risoluzione del contratto potrebbe avere costi addizionali che saranno a carico dell\u2019acquirente.<\/li><li>Le spese di spedizione sono a carico dell\u2019acquirente e sono evidenziate esplicitamente al momento dell\u2019effettuazione dell\u2019ordine.<\/li><li>I servizi forniti dalla pagina web saranno consegnati al cliente in <strong><em>__<\/em><\/strong> e comunque entro e non oltre 30 giorni dall\u2019acquisto effettuato sul sito.<\/li><li>I servizi saranno usufruibili online od inviati all\u2019indirizzo email che il cliente ha fornito al momento dell\u2019acquisto.<\/li><li>Qualora la consegna non possa avere luogo per cause non imputabili a nessuna della parti, l\u2019utente verr\u00e0 rimborsato totalmente del pagamento.<\/li><\/ol>\n\n\n\n<p><br><strong>Art. 10 \u2013 Passaggio del rischio<\/strong><\/p>\n\n\n\n<ol class=\"wp-block-list\"><li>I rischi relativi ai prodotti passeranno a carico dell\u2019acquirente a partire dal momento della consegna. La propriet\u00e0 dei prodotti si considera acquisita appena ricevuto il pagamento completo di tutti gli importi dovuti in relazione agli stessi, incluse le spese di spedizione, ovvero al momento della consegna, se questa avvenisse in un secondo momento.<\/li><\/ol>\n\n\n\n<p><br><strong>Art. 11 \u2013 Garanzia e conformit\u00e0 commerciale<\/strong><\/p>\n\n\n\n<ol class=\"wp-block-list\"><li>Il venditore \u00e8 responsabile per qualsiasi difetto dei prodotti offerti sul sito, ivi inclusa la non conformit\u00e0 degli articoli ai prodotti ordinati, ai sensi di quanto disposto dalla normativa italiana.<\/li><li>Se l\u2019acquirente ha stipulato il contratto in qualit\u00e0 di consumatore ovverosia qualsiasi persona fisica che agisca sul sito per scopi estranei all\u2019attivit\u00e0 imprenditoriale o professionale eventualmente svolta, la presente garanzia \u00e8 valida a condizione che il difetto si manifesti entro 24 mesi dalla data di consegna dei prodotti; che l\u2019acquirente presenti reclamo formale relativamente ai difetti entro un massimo di 2 mesi dalla data in cui il difetto \u00e8 stato da quest\u2019ultimo riconosciuto; che venga compilato correttamente il modulo di reso online.<\/li><li>In caso di mancata conformit\u00e0, l\u2019utente che ha stipulato il contratto in qualit\u00e0 di consumatore avr\u00e0 diritto ad ottenere il ripristino della conformit\u00e0 dei prodotti senza spese, mediante riparazione o sostituzione, ovvero di ottenere un\u2019appropriata riduzione di prezzo ovvero la risoluzione del contratto relativamente ai beni contestati e la conseguente restituzione del prezzo.<\/li><li>Tutti i costi di restituzione per prodotti difettosi saranno sostenuti dal venditore.<\/li><\/ol>\n\n\n\n<p><br><strong>Art. 12 \u2013 Recesso<\/strong><\/p>\n\n\n\n<ol class=\"wp-block-list\"><li>Conformemente alle disposizioni legali in vigore, l\u2019acquirente ha diritto di recedere dall\u2019acquisto senza alcuna penalit\u00e0 e senza specificarne il motivo, entro il termine di 14 giorni ai sensi dell\u2019art. 57 del D.lgs 206\/2005 decorrenti dalla data di ricezione dei prodotti.<\/li><li>In caso di acquisti multipli effettuati dal l\u2019acquirente con un solo ordine e consegnati separatamente, il termine di 30 giorni decorre dalla data di ricezione dell\u2019ultimo prodotto.<\/li><li>L\u2019utente che intendesse esercitare il diritto di recesso dell\u2019acquisto potr\u00e0 inviare una mail, indicando il numero ordine e nome dell\u2019utente, a:<\/li><li>L\u2019acquirente dovr\u00e0 esercitare il diritto di recesso anche inviando una qualsiasi dichiarazione esplicita contenente la decisione di recedere dal contratto oppure alternativamente trasmettere il modulo di recesso tipo, di cui all\u2019Allegato I, parte B, D.Lgs 21\/2014 non obbligatorio.<\/li><li>La merce dovr\u00e0 essere rispedita a:<br>Via Acqua Del Fico snc, 84048, Castellabate (SA) Italia<\/li><li>La merce dovr\u00e0 essere restituita integra, nella confezione originale, completa in tutte le sue parti e completa della documentazione fiscale annessa. Fatta salva la facolt\u00e0 di verificare il rispetto di quanto sopra, il sito provveder\u00e0 a rimborsare l\u2019importo dei prodotti oggetto del recesso entro un termine massimo di 7 giorni, comprensivo degli eventuali costi di spedizione.<\/li><li>Come previsto dall\u2019art. 56 comma 3 del D.Lgs 206\/2005, modificato dal D.lgs 21\/2014, il sito pu\u00f2 sospendere il rimborso fino al ricevimento dei beni oppure fino all\u2019avvenuta dimostrazione da parte del l\u2019acquirente di aver rispedito i beni.<\/li><li>Non si applicher\u00e0 il diritto al recesso nel caso in cui i servizi e prodotti di www.burningsun.it sono inclusi nelle categorie dell\u2019art. 59 del D.Lgs 206\/2005.<\/li><li>Il sito eseguir\u00e0 il rimborso utilizzando lo stesso mezzo di pagamento scelto dal l\u2019acquirente in fase di acquisto. Nel caso di pagamento effettuato con bonifico, e qualora l\u2019utente intenda esercitare il proprio diritto di recesso, dovr\u00e0 fornire le coordinate bancarie: IBAN, SWIFT e BIC necessari all\u2019effettuazione del rimborso.<\/li><\/ol>\n\n\n\n<p><br><strong>Art. 13 \u2013 Trattamento dei dati<\/strong><\/p>\n\n\n\n<ol class=\"wp-block-list\"><li>I dati del l\u2019acquirente sono trattati conformemente a quanto previsto dalla normativa in materia di protezione dei dati personali, come specificato nell\u2019apposita sezione contenente l\u2019informativa ai sensi dell\u2019art. 13 Regolamento UE 2016\/679 (Privacy Policy).<\/li><\/ol>\n\n\n\n<p><strong>Art. 14 \u2013 Clausola di salvaguardia<\/strong><\/p>\n\n\n\n<ol class=\"wp-block-list\"><li>Nell\u2019ipotesi in cui una delle clausole delle presenti Condizioni Generali di Vendita fosse nulla per qualsivoglia motivo ci\u00f2 non comprometter\u00e0 in nessun caso la validit\u00e0 e il rispetto delle altre disposizioni figuranti nelle presenti Condizioni Generali di Vendita.<\/li><\/ol>\n\n\n\n<p><strong>Art. 15 \u2013 Contatti<\/strong><\/p>\n\n\n\n<ol class=\"wp-block-list\"><li>Ogni richiesta di informazione potr\u00e0 essere inviata via mail al seguente indirizzo info@burningsun.eu, via telefono al seguente recapito telefonico: <strong><em>__<\/em><\/strong>, e via posta al seguente indirizzo:<\/li><\/ol>\n\n\n\n<p>Via Acqua del Fico snc, 84048 Castellabate (SA) Italia<\/p>\n\n\n\n<p><br><strong>Art. 16 \u2013 Legge applicabile e foro competente<\/strong><\/p>\n\n\n\n<ol class=\"wp-block-list\"><li>Le presenti Condizioni Generali di Vendita sono disciplinate dal diritto italiano ed interpretate in base ad esso, fatta salva qualsiasi diversa norma imperativa prevalente del paese di residenza abituale del l\u2019acquirente. Di conseguenza l\u2019interpretazione, esecuzione e risoluzione delle Condizioni Generali di Vendita sono soggette esclusivamente alla legge Italiana.<\/li><li>Eventuali controversie inerenti e\/o conseguenti alle stesse dovranno essere risolte in via esclusiva dall\u2019autorit\u00e0 giurisdizionale Italiana. In particolare, qualora l\u2019utente rivesta la qualifica di Consumatore, le eventuali controversie dovranno essere risolte dal tribunale del luogo di domicilio o residenza dello stesso in base alla legge applicabile.<\/li><\/ol>\n\n\n\n<p>Le presenti condizioni sono state redatte in data 07\/12\/2020.<\/p>\n","protected":false},"excerpt":{"rendered":"<p>Art. 1 \u2013 Disposizioni generali L\u2019utente navigando in quest\u2019area accede a www.burningsun.eu, accessibile mediante l\u2019url: www.burningsun.eu. La navigazione e la trasmissione di un ordine di acquisto sul sito comportano l\u2019accettazione delle Condizioni e delle Politiche&#8230;<\/p>\n<a href=\"https:\/\/burningsun.eu\/en\/termini-e-condizioni\/\" class=\"readmore\" title=\"Read More\">Leggi tutto<\/a>","protected":false},"author":1,"featured_media":0,"parent":0,"menu_order":0,"comment_status":"closed","ping_status":"closed","template":"template-page.php","meta":{"_acf_changed":false,"footnotes":""},"class_list":["post-113","page","type-page","status-publish","hentry"],"acf":[],"yoast_head":"<!-- This site is optimized with the Yoast SEO plugin v26.5 - https:\/\/yoast.com\/wordpress\/plugins\/seo\/ -->\n<title>Termini e condizioni - BurningSun<\/title>\n<meta name=\"robots\" content=\"index, follow, max-snippet:-1, max-image-preview:large, max-video-preview:-1\" \/>\n<link rel=\"canonical\" href=\"https:\/\/burningsun.eu\/en\/termini-e-condizioni\/\" \/>\n<meta property=\"og:locale\" content=\"en_US\" \/>\n<meta property=\"og:type\" content=\"article\" \/>\n<meta property=\"og:title\" content=\"Termini e condizioni - BurningSun\" \/>\n<meta property=\"og:description\" content=\"Art. 1 \u2013 Disposizioni generali L\u2019utente navigando in quest\u2019area accede a www.burningsun.eu, accessibile mediante l\u2019url: www.burningsun.eu. La navigazione e la trasmissione di un ordine di acquisto sul sito comportano l\u2019accettazione delle Condizioni e delle Politiche...\" \/>\n<meta property=\"og:url\" content=\"https:\/\/burningsun.eu\/en\/termini-e-condizioni\/\" \/>\n<meta property=\"og:site_name\" content=\"BurningSun\" \/>\n<meta property=\"article:modified_time\" content=\"2021-10-22T10:23:55+00:00\" \/>\n<meta name=\"twitter:card\" content=\"summary_large_image\" \/>\n<meta name=\"twitter:label1\" content=\"Est. reading time\" \/>\n\t<meta name=\"twitter:data1\" content=\"10 minutes\" \/>\n<script type=\"application\/ld+json\" class=\"yoast-schema-graph\">{\"@context\":\"https:\/\/schema.org\",\"@graph\":[{\"@type\":\"WebPage\",\"@id\":\"https:\/\/burningsun.eu\/en\/termini-e-condizioni\/\",\"url\":\"https:\/\/burningsun.eu\/en\/termini-e-condizioni\/\",\"name\":\"Termini e condizioni - BurningSun\",\"isPartOf\":{\"@id\":\"https:\/\/burningsun.eu\/en\/#website\"},\"datePublished\":\"2021-10-06T10:35:55+00:00\",\"dateModified\":\"2021-10-22T10:23:55+00:00\",\"breadcrumb\":{\"@id\":\"https:\/\/burningsun.eu\/en\/termini-e-condizioni\/#breadcrumb\"},\"inLanguage\":\"en-US\",\"potentialAction\":[{\"@type\":\"ReadAction\",\"target\":[\"https:\/\/burningsun.eu\/en\/termini-e-condizioni\/\"]}]},{\"@type\":\"BreadcrumbList\",\"@id\":\"https:\/\/burningsun.eu\/en\/termini-e-condizioni\/#breadcrumb\",\"itemListElement\":[{\"@type\":\"ListItem\",\"position\":1,\"name\":\"Home\",\"item\":\"https:\/\/burningsun.eu\/en\/home\/\"},{\"@type\":\"ListItem\",\"position\":2,\"name\":\"Termini e condizioni\"}]},{\"@type\":\"WebSite\",\"@id\":\"https:\/\/burningsun.eu\/en\/#website\",\"url\":\"https:\/\/burningsun.eu\/en\/\",\"name\":\"BurningSun\",\"description\":\"La natura prima di tutto\",\"publisher\":{\"@id\":\"https:\/\/burningsun.eu\/en\/#organization\"},\"potentialAction\":[{\"@type\":\"SearchAction\",\"target\":{\"@type\":\"EntryPoint\",\"urlTemplate\":\"https:\/\/burningsun.eu\/en\/?s={search_term_string}\"},\"query-input\":{\"@type\":\"PropertyValueSpecification\",\"valueRequired\":true,\"valueName\":\"search_term_string\"}}],\"inLanguage\":\"en-US\"},{\"@type\":\"Organization\",\"@id\":\"https:\/\/burningsun.eu\/en\/#organization\",\"name\":\"BurningSun\",\"url\":\"https:\/\/burningsun.eu\/en\/\",\"logo\":{\"@type\":\"ImageObject\",\"inLanguage\":\"en-US\",\"@id\":\"https:\/\/burningsun.eu\/en\/#\/schema\/logo\/image\/\",\"url\":\"https:\/\/burningsun.eu\/wp-content\/uploads\/2021\/12\/Logo-Scritta-BurningSun.svg\",\"contentUrl\":\"https:\/\/burningsun.eu\/wp-content\/uploads\/2021\/12\/Logo-Scritta-BurningSun.svg\",\"width\":1,\"height\":1,\"caption\":\"BurningSun\"},\"image\":{\"@id\":\"https:\/\/burningsun.eu\/en\/#\/schema\/logo\/image\/\"}}]}<\/script>\n<!-- \/ Yoast SEO plugin. -->","yoast_head_json":{"title":"Termini e condizioni - BurningSun","robots":{"index":"index","follow":"follow","max-snippet":"max-snippet:-1","max-image-preview":"max-image-preview:large","max-video-preview":"max-video-preview:-1"},"canonical":"https:\/\/burningsun.eu\/en\/termini-e-condizioni\/","og_locale":"en_US","og_type":"article","og_title":"Termini e condizioni - BurningSun","og_description":"Art. 1 \u2013 Disposizioni generali L\u2019utente navigando in quest\u2019area accede a www.burningsun.eu, accessibile mediante l\u2019url: www.burningsun.eu. La navigazione e la trasmissione di un ordine di acquisto sul sito comportano l\u2019accettazione delle Condizioni e delle Politiche...","og_url":"https:\/\/burningsun.eu\/en\/termini-e-condizioni\/","og_site_name":"BurningSun","article_modified_time":"2021-10-22T10:23:55+00:00","twitter_card":"summary_large_image","twitter_misc":{"Est. reading time":"10 minutes"},"schema":{"@context":"https:\/\/schema.org","@graph":[{"@type":"WebPage","@id":"https:\/\/burningsun.eu\/en\/termini-e-condizioni\/","url":"https:\/\/burningsun.eu\/en\/termini-e-condizioni\/","name":"Termini e condizioni - BurningSun","isPartOf":{"@id":"https:\/\/burningsun.eu\/en\/#website"},"datePublished":"2021-10-06T10:35:55+00:00","dateModified":"2021-10-22T10:23:55+00:00","breadcrumb":{"@id":"https:\/\/burningsun.eu\/en\/termini-e-condizioni\/#breadcrumb"},"inLanguage":"en-US","potentialAction":[{"@type":"ReadAction","target":["https:\/\/burningsun.eu\/en\/termini-e-condizioni\/"]}]},{"@type":"BreadcrumbList","@id":"https:\/\/burningsun.eu\/en\/termini-e-condizioni\/#breadcrumb","itemListElement":[{"@type":"ListItem","position":1,"name":"Home","item":"https:\/\/burningsun.eu\/en\/home\/"},{"@type":"ListItem","position":2,"name":"Termini e condizioni"}]},{"@type":"WebSite","@id":"https:\/\/burningsun.eu\/en\/#website","url":"https:\/\/burningsun.eu\/en\/","name":"BurningSun","description":"La natura prima di tutto","publisher":{"@id":"https:\/\/burningsun.eu\/en\/#organization"},"potentialAction":[{"@type":"SearchAction","target":{"@type":"EntryPoint","urlTemplate":"https:\/\/burningsun.eu\/en\/?s={search_term_string}"},"query-input":{"@type":"PropertyValueSpecification","valueRequired":true,"valueName":"search_term_string"}}],"inLanguage":"en-US"},{"@type":"Organization","@id":"https:\/\/burningsun.eu\/en\/#organization","name":"BurningSun","url":"https:\/\/burningsun.eu\/en\/","logo":{"@type":"ImageObject","inLanguage":"en-US","@id":"https:\/\/burningsun.eu\/en\/#\/schema\/logo\/image\/","url":"https:\/\/burningsun.eu\/wp-content\/uploads\/2021\/12\/Logo-Scritta-BurningSun.svg","contentUrl":"https:\/\/burningsun.eu\/wp-content\/uploads\/2021\/12\/Logo-Scritta-BurningSun.svg","width":1,"height":1,"caption":"BurningSun"},"image":{"@id":"https:\/\/burningsun.eu\/en\/#\/schema\/logo\/image\/"}}]}},"_links":{"self":[{"href":"https:\/\/burningsun.eu\/en\/wp-json\/wp\/v2\/pages\/113","targetHints":{"allow":["GET"]}}],"collection":[{"href":"https:\/\/burningsun.eu\/en\/wp-json\/wp\/v2\/pages"}],"about":[{"href":"https:\/\/burningsun.eu\/en\/wp-json\/wp\/v2\/types\/page"}],"author":[{"embeddable":true,"href":"https:\/\/burningsun.eu\/en\/wp-json\/wp\/v2\/users\/1"}],"replies":[{"embeddable":true,"href":"https:\/\/burningsun.eu\/en\/wp-json\/wp\/v2\/comments?post=113"}],"version-history":[{"count":0,"href":"https:\/\/burningsun.eu\/en\/wp-json\/wp\/v2\/pages\/113\/revisions"}],"wp:attachment":[{"href":"https:\/\/burningsun.eu\/en\/wp-json\/wp\/v2\/media?parent=113"}],"curies":[{"name":"wp","href":"https:\/\/api.w.org\/{rel}","templated":true}]}}