{"id":1533,"date":"2021-12-07T12:35:21","date_gmt":"2021-12-07T10:35:21","guid":{"rendered":"https:\/\/burningsun.eu\/?page_id=1533"},"modified":"2021-12-08T03:37:38","modified_gmt":"2021-12-08T01:37:38","slug":"e-bike-100-detraibile","status":"publish","type":"page","link":"https:\/\/burningsun.eu\/en\/e-bike-100-detraibile\/","title":{"rendered":"E-bike 100% detraibile"},"content":{"rendered":"\n<p>E-Power Italia SRL, fattura al cliente il prodotto acquistato come mezzo e-green per marketing pubblicitario, in modo da detrarre fiscalmente il 100% del costo.<\/p>\n\n\n\n<p>A riprova di quando suddetto&nbsp;<strong>il&nbsp;<em>Codice della strada<\/em>&nbsp;(art. 50 del D. Lgs. 30\/04\/1992 n. 285) definisce come quelle&nbsp;<em>\u201cdotate di un motore ausiliario elettrico avente potenza nominale continua di 0,25 KW la cui alimentazione \u00e8 progressivamente ridotta ed infine interrotta quando il veicolo raggiunge i 25 km\/h o prima se il ciclista smette di pedalare<\/em><\/strong>\u201d,&nbsp;<strong><u>la risposta sulla detraibilit\u00e0 del costo \u00e8 affermativa<\/u><\/strong>.<\/p>\n\n\n\n<p><br>Infatti, con tali caratteristiche il mezzo resta, in tutto e per tutto, una&nbsp;<em>bicicletta<\/em>&nbsp;(o, se si preferisce, un&nbsp;<em>velocipede<\/em>, per usare un termine tecnico) e non diventa quindi un&nbsp;<em>ciclomotore<\/em>, che invece \u00e8 definito dall\u2019art. 52 come il veicolo \u201c<em>a motore a due o tre ruote aventi le seguenti caratteristiche: a) motore di cilindrata non superiore a 50 cc, se termico; b) capacit\u00e0 di sviluppare su strada orizzontale una velocit\u00e0 fino a 45 Km\/h\u201d<\/em>&nbsp;(a tale categoria appartengono, per intenderci, anche quelli elettrici, sia pure come \u201cveicoli atipici\u201d assimilati).<br>Questa precisazione \u00e8 importante perch\u00e9 \u201calla vista\u201d i due veicoli possono effettivamente sembrare molto simili, ma vi \u00e8 una differenza sostanziale ai fini fiscali, dato che per le&nbsp;<em>biciclette<\/em>&nbsp;\u2013 anche \u201ca pedalata assistita\u201d \u2013 non operano le limitazioni alla deducibilit\u00e0\/detraibilit\u00e0 previste dagli artt. 164 T.U.I.R. e 19-<em>bis1&nbsp;<\/em>del D.P.R. 633\/72, rispettivamente per le imposte dirette e per l\u2019iva, che si applicano invece, come sappiamo, alle autovetture, alle motociclette e ai ciclomotori, ivi compresi quelli elettrici assimilati (in tal senso vedi anche la circ. Min. Fin. Dip. Ent. Dir. Centr. Affari giuridici e contenzioso tributario n. 48\/E del 1998, Par 1).<br>Ne consegue che per gli oneri relativi a tali mezzi si applica il criterio generale dell\u2019<em>inerenza<\/em>&nbsp;(art. 109 T.U.I.R per le imposte dirette e art. 19 D.P.R. 633\/72 per l\u2019Iva) per il quale notoriamente le spese sono&nbsp;<em>deducibili<\/em>&nbsp;ai fini delle imposte dirette, e&nbsp;<em>detraibili<\/em>&nbsp;ai fini iva,&nbsp;<em>se e nella misura in cui<\/em>&nbsp;si riferiscono ad attivit\u00e0 da cui derivano o possono derivare ricavi o proventi che concorrono a formare il reddito, ovvero effettuate nell\u2019esercizio dell\u2019impresa.<br>La corretta applicazione di tale principio postula quindi una verifica \u201crealistica\u201d in ordine all\u2019effettiva afferenza del bene all\u2019attivit\u00e0 che, se non pu\u00f2 essere negata in senso assoluto per veicoli del genere, deve per\u00f2 essere \u201ctemperata\u201d a causa della natura strettamente personale del bene, per la quale sarebbe difficile o forse impossibile provarne \u2013 in caso di eventuali verifiche \u2013 l\u2019utilizzo&nbsp;<em>integrale&nbsp;<\/em>per l\u2019attivit\u00e0.<br>Ecco quindi che se la deducibilit\u00e0 delle spese riguardanti questi veicoli non soffre, contrariamente a quello che accade per autovetture, motociclette e ciclomotori, di alcun limite di costo, \u00e8 pur vero che proprio la corretta applicazione del principio generale dell\u2019<em>inerenza<\/em>&nbsp;impone una&nbsp;<em>deducibilit\u00e0<\/em>&nbsp;limitata \u2013 quantificandone l\u2019uso privato in una \u201csalomonica\u201d percentuale del 50% \u2013 delle relative spese considerando l\u2019uso&nbsp;<em>promiscuo<\/em>&nbsp;(privato e aziendale) a cui inevitabilmente il mezzo andrebbe incontro.<\/p>\n\n\n\n<p><strong>PERTANTO COME PREVISTO DALLA NORMA LA BICICLETTA ELETTRICA SE RISPECCHIA I PARAMETRI SOPRA INDICATI E\u2019 DEDUCBILILE INTEGRALMENTE A PRESCINDERE DELLA DESCRIZIONE PUBBLICITARIA CHE PUO\u2019 ESSERE SOLO UN RAFFORZATIVO PER DIMOSTRARE CHE IL BENE SERVE PER L\u2019ATTIVITA\u2019 AZIENDALE E QUINDI PER RISPETTARE IL PRINCIPO DI INERENZA.<\/strong><\/p>\n\n\n\n<p><strong>NEL CASO IN CUI LA BICICLETTA RIENTRA NEI CICLOMOTORI A PRESCINDERE LA DESCRIZIONE PUBBLICITA\u2019 NON E\u2019 DEDUCIBILE INTEGRALMENTE.<\/strong><\/p>\n","protected":false},"excerpt":{"rendered":"<p>E-Power Italia SRL, fattura al cliente il prodotto acquistato come mezzo e-green per marketing pubblicitario, in modo da detrarre fiscalmente il 100% del costo. A riprova di quando suddetto&nbsp;il&nbsp;Codice della strada&nbsp;(art. 50 del D. Lgs&#8230;.<\/p>\n<a href=\"https:\/\/burningsun.eu\/en\/e-bike-100-detraibile\/\" class=\"readmore\" title=\"Read More\">Leggi tutto<\/a>","protected":false},"author":1,"featured_media":0,"parent":0,"menu_order":0,"comment_status":"closed","ping_status":"closed","template":"template-page.php","meta":{"_acf_changed":false,"footnotes":""},"class_list":["post-1533","page","type-page","status-publish","hentry"],"acf":[],"yoast_head":"<!-- This site is optimized with the Yoast SEO plugin v26.5 - https:\/\/yoast.com\/wordpress\/plugins\/seo\/ -->\n<title>E-bike 100% detraibile - BurningSun<\/title>\n<meta name=\"robots\" content=\"index, follow, max-snippet:-1, max-image-preview:large, max-video-preview:-1\" \/>\n<link rel=\"canonical\" href=\"https:\/\/burningsun.eu\/en\/e-bike-100-detraibile\/\" \/>\n<meta property=\"og:locale\" content=\"en_US\" \/>\n<meta property=\"og:type\" content=\"article\" \/>\n<meta property=\"og:title\" content=\"E-bike 100% detraibile - BurningSun\" \/>\n<meta property=\"og:description\" content=\"E-Power Italia SRL, fattura al cliente il prodotto acquistato come mezzo e-green per marketing pubblicitario, in modo da detrarre fiscalmente il 100% del costo. A riprova di quando suddetto&nbsp;il&nbsp;Codice della strada&nbsp;(art. 50 del D. Lgs....\" \/>\n<meta property=\"og:url\" content=\"https:\/\/burningsun.eu\/en\/e-bike-100-detraibile\/\" \/>\n<meta property=\"og:site_name\" content=\"BurningSun\" \/>\n<meta property=\"article:modified_time\" content=\"2021-12-08T01:37:38+00:00\" \/>\n<meta name=\"twitter:card\" content=\"summary_large_image\" \/>\n<meta name=\"twitter:label1\" content=\"Est. reading time\" \/>\n\t<meta name=\"twitter:data1\" content=\"3 minutes\" \/>\n<script type=\"application\/ld+json\" class=\"yoast-schema-graph\">{\"@context\":\"https:\/\/schema.org\",\"@graph\":[{\"@type\":\"WebPage\",\"@id\":\"https:\/\/burningsun.eu\/en\/e-bike-100-detraibile\/\",\"url\":\"https:\/\/burningsun.eu\/en\/e-bike-100-detraibile\/\",\"name\":\"E-bike 100% detraibile - BurningSun\",\"isPartOf\":{\"@id\":\"https:\/\/burningsun.eu\/en\/#website\"},\"datePublished\":\"2021-12-07T10:35:21+00:00\",\"dateModified\":\"2021-12-08T01:37:38+00:00\",\"breadcrumb\":{\"@id\":\"https:\/\/burningsun.eu\/en\/e-bike-100-detraibile\/#breadcrumb\"},\"inLanguage\":\"en-US\",\"potentialAction\":[{\"@type\":\"ReadAction\",\"target\":[\"https:\/\/burningsun.eu\/en\/e-bike-100-detraibile\/\"]}]},{\"@type\":\"BreadcrumbList\",\"@id\":\"https:\/\/burningsun.eu\/en\/e-bike-100-detraibile\/#breadcrumb\",\"itemListElement\":[{\"@type\":\"ListItem\",\"position\":1,\"name\":\"Home\",\"item\":\"https:\/\/burningsun.eu\/en\/home\/\"},{\"@type\":\"ListItem\",\"position\":2,\"name\":\"E-bike 100% detraibile\"}]},{\"@type\":\"WebSite\",\"@id\":\"https:\/\/burningsun.eu\/en\/#website\",\"url\":\"https:\/\/burningsun.eu\/en\/\",\"name\":\"BurningSun\",\"description\":\"La natura prima di tutto\",\"publisher\":{\"@id\":\"https:\/\/burningsun.eu\/en\/#organization\"},\"potentialAction\":[{\"@type\":\"SearchAction\",\"target\":{\"@type\":\"EntryPoint\",\"urlTemplate\":\"https:\/\/burningsun.eu\/en\/?s={search_term_string}\"},\"query-input\":{\"@type\":\"PropertyValueSpecification\",\"valueRequired\":true,\"valueName\":\"search_term_string\"}}],\"inLanguage\":\"en-US\"},{\"@type\":\"Organization\",\"@id\":\"https:\/\/burningsun.eu\/en\/#organization\",\"name\":\"BurningSun\",\"url\":\"https:\/\/burningsun.eu\/en\/\",\"logo\":{\"@type\":\"ImageObject\",\"inLanguage\":\"en-US\",\"@id\":\"https:\/\/burningsun.eu\/en\/#\/schema\/logo\/image\/\",\"url\":\"https:\/\/burningsun.eu\/wp-content\/uploads\/2021\/12\/Logo-Scritta-BurningSun.svg\",\"contentUrl\":\"https:\/\/burningsun.eu\/wp-content\/uploads\/2021\/12\/Logo-Scritta-BurningSun.svg\",\"width\":1,\"height\":1,\"caption\":\"BurningSun\"},\"image\":{\"@id\":\"https:\/\/burningsun.eu\/en\/#\/schema\/logo\/image\/\"}}]}<\/script>\n<!-- \/ Yoast SEO plugin. -->","yoast_head_json":{"title":"E-bike 100% detraibile - BurningSun","robots":{"index":"index","follow":"follow","max-snippet":"max-snippet:-1","max-image-preview":"max-image-preview:large","max-video-preview":"max-video-preview:-1"},"canonical":"https:\/\/burningsun.eu\/en\/e-bike-100-detraibile\/","og_locale":"en_US","og_type":"article","og_title":"E-bike 100% detraibile - BurningSun","og_description":"E-Power Italia SRL, fattura al cliente il prodotto acquistato come mezzo e-green per marketing pubblicitario, in modo da detrarre fiscalmente il 100% del costo. A riprova di quando suddetto&nbsp;il&nbsp;Codice della strada&nbsp;(art. 50 del D. Lgs....","og_url":"https:\/\/burningsun.eu\/en\/e-bike-100-detraibile\/","og_site_name":"BurningSun","article_modified_time":"2021-12-08T01:37:38+00:00","twitter_card":"summary_large_image","twitter_misc":{"Est. reading time":"3 minutes"},"schema":{"@context":"https:\/\/schema.org","@graph":[{"@type":"WebPage","@id":"https:\/\/burningsun.eu\/en\/e-bike-100-detraibile\/","url":"https:\/\/burningsun.eu\/en\/e-bike-100-detraibile\/","name":"E-bike 100% detraibile - BurningSun","isPartOf":{"@id":"https:\/\/burningsun.eu\/en\/#website"},"datePublished":"2021-12-07T10:35:21+00:00","dateModified":"2021-12-08T01:37:38+00:00","breadcrumb":{"@id":"https:\/\/burningsun.eu\/en\/e-bike-100-detraibile\/#breadcrumb"},"inLanguage":"en-US","potentialAction":[{"@type":"ReadAction","target":["https:\/\/burningsun.eu\/en\/e-bike-100-detraibile\/"]}]},{"@type":"BreadcrumbList","@id":"https:\/\/burningsun.eu\/en\/e-bike-100-detraibile\/#breadcrumb","itemListElement":[{"@type":"ListItem","position":1,"name":"Home","item":"https:\/\/burningsun.eu\/en\/home\/"},{"@type":"ListItem","position":2,"name":"E-bike 100% detraibile"}]},{"@type":"WebSite","@id":"https:\/\/burningsun.eu\/en\/#website","url":"https:\/\/burningsun.eu\/en\/","name":"BurningSun","description":"La natura prima di tutto","publisher":{"@id":"https:\/\/burningsun.eu\/en\/#organization"},"potentialAction":[{"@type":"SearchAction","target":{"@type":"EntryPoint","urlTemplate":"https:\/\/burningsun.eu\/en\/?s={search_term_string}"},"query-input":{"@type":"PropertyValueSpecification","valueRequired":true,"valueName":"search_term_string"}}],"inLanguage":"en-US"},{"@type":"Organization","@id":"https:\/\/burningsun.eu\/en\/#organization","name":"BurningSun","url":"https:\/\/burningsun.eu\/en\/","logo":{"@type":"ImageObject","inLanguage":"en-US","@id":"https:\/\/burningsun.eu\/en\/#\/schema\/logo\/image\/","url":"https:\/\/burningsun.eu\/wp-content\/uploads\/2021\/12\/Logo-Scritta-BurningSun.svg","contentUrl":"https:\/\/burningsun.eu\/wp-content\/uploads\/2021\/12\/Logo-Scritta-BurningSun.svg","width":1,"height":1,"caption":"BurningSun"},"image":{"@id":"https:\/\/burningsun.eu\/en\/#\/schema\/logo\/image\/"}}]}},"_links":{"self":[{"href":"https:\/\/burningsun.eu\/en\/wp-json\/wp\/v2\/pages\/1533","targetHints":{"allow":["GET"]}}],"collection":[{"href":"https:\/\/burningsun.eu\/en\/wp-json\/wp\/v2\/pages"}],"about":[{"href":"https:\/\/burningsun.eu\/en\/wp-json\/wp\/v2\/types\/page"}],"author":[{"embeddable":true,"href":"https:\/\/burningsun.eu\/en\/wp-json\/wp\/v2\/users\/1"}],"replies":[{"embeddable":true,"href":"https:\/\/burningsun.eu\/en\/wp-json\/wp\/v2\/comments?post=1533"}],"version-history":[{"count":0,"href":"https:\/\/burningsun.eu\/en\/wp-json\/wp\/v2\/pages\/1533\/revisions"}],"wp:attachment":[{"href":"https:\/\/burningsun.eu\/en\/wp-json\/wp\/v2\/media?parent=1533"}],"curies":[{"name":"wp","href":"https:\/\/api.w.org\/{rel}","templated":true}]}}