{"id":3,"date":"2021-09-28T12:20:10","date_gmt":"2021-09-28T12:20:10","guid":{"rendered":"https:\/\/burningsun.eu\/?page_id=3"},"modified":"2021-10-20T14:53:34","modified_gmt":"2021-10-20T12:53:34","slug":"privacy-policy","status":"publish","type":"page","link":"https:\/\/burningsun.eu\/en\/privacy-policy\/","title":{"rendered":"Privacy Policy"},"content":{"rendered":"\n<p><strong>Informativa ai sensi dell&#8217;art. 13 del Codice della Privacy<\/strong><\/p>\n\n\n\n<p><strong>Ai sensi dell&#8217;articolo 13 del codice della D.Lgs. 196\/2003, vi rendiamo le seguenti informazioni.<\/strong><\/p>\n\n\n\n<p>Noi di<strong> www.burningsun.it <\/strong>riteniamo che la privacy dei nostri visitatori sia estremamente importante. Questo documento descrive dettagliatamente i tipi di informazioni personali raccolti e registrati dal nostro sito e come essi vengano utilizzati.<\/p>\n\n\n\n<h3 class=\"wp-block-heading\">File di Registrazione (Log Files)<\/h3>\n\n\n\n<p>Come molti altri siti web, il nostro utilizza file di log. Questi file registrano semplicemente i visitatori del sito &#8211; di solito una procedura standard delle aziende di hosting e dei servizi di analisi degli hosting.<\/p>\n\n\n\n<p>Le informazioni contenute nei file di registro comprendono indirizzi di protocollo Internet (IP), il tipo di browser, Internet Service Provider (ISP), informazioni come data e ora, pagine referral, pagine d&#8217;uscita ed entrata o il numero di clic.<\/p>\n\n\n\n<p>Queste informazioni vengono utilizzate per analizzare le tendenze, amministrare il sito, monitorare il movimento degli utenti sul sito e raccogliere informazioni demografiche. Gli indirizzi IP e le altre informazioni non sono collegate a informazioni personali che possono essere identificate, dunque<strong> tutti i dati sono raccolti in forma assolutamente anonima.<\/strong><\/p>\n\n\n\n<h3 class=\"wp-block-heading\">Questo sito web utilizza i Cookies<\/h3>\n\n\n\n<p>I cookies sono piccoli file di testo che vengono automaticamente posizionati sul PC del navigatore all\u2019interno del browser. Essi contengono informazioni di base sulla navigazione in Internet e grazie al browser vengono riconosciuti ogni volta che l\u2019utente visita il sito.<\/p>\n\n\n\n<h3 class=\"wp-block-heading\">Cookie Policy<\/h3>\n\n\n\n<p>Questo sito utilizza cookies, anche di terze parti, per migliorarne l\u2019esperienza di navigazione, consentire a chi naviga di usufruire di eventuali servizi online e monitorare la navigazione nel sito.<\/p>\n\n\n\n<h3 class=\"wp-block-heading\">Come disabilitare i Cookies<\/h3>\n\n\n\n<p>E\u2019 possibile disabilitare i cookies direttamente dal browser utilizzato, accedendo alle impostazioni (preferenze oppure opzioni): questa scelta potrebbe limitare alcune funzionalit\u00e0 di navigazione del sito.<\/p>\n\n\n\n<h3 class=\"wp-block-heading\">Gestione dei Cookies<\/h3>\n\n\n\n<p>I cookies utilizzati in questo sito possono rientrare nelle categorie descritte di seguito.<\/p>\n\n\n\n<ul class=\"wp-block-list\"><li>Attivit\u00e0 strettamente necessarie al funzionamento<br>Questi cookies hanno natura tecnica e permettono al sito di funzionare correttamente. Ad esempio, mantengono l\u2019utente collegato durante la navigazione evitando che il sito richieda di collegarsi pi\u00f9 volte per accedere alle pagine successive.<\/li><li>Attivit\u00e0 di salvataggio delle preferenze<br>Questi cookie permettono di ricordare le preferenze selezionate dall\u2019utente durante la navigazione, ad esempio, consentono di impostare la lingua.<\/li><li><strong>Attivit\u00e0 Statistiche e di Misurazione dell\u2019audience (es: Google Analytics)<br><\/strong>Questi cookie ci aiutano a capire, attraverso dati raccolti in forma anonima e aggregata, come gli utenti interagiscono con i siti internet fornendo informazioni relative alle sezioni visitate, il tempo trascorso sul sito, eventuali malfunzionamenti. Questo aiuta a migliorare la resa dei siti internet.<\/li><li><strong>Cookie di social media (es: Facebook)<\/strong><br>Questi cookie di terza parte vengono utilizzati per integrare alcune diffuse funzionalit\u00e0 dei principali social media e fornirle all\u2019interno del sito. In particolare permettono la registrazione e l\u2019autenticazione sul sito tramite facebook e google connect, la condivisione e i commenti di pagine del sito sui social, abilitano le funzionalit\u00e0 del \u201cmi piace\u201d su Facebook e del \u201c+1\u2033 su G+.<\/li><\/ul>\n\n\n\n<h3 class=\"wp-block-heading\">Fornitori di terze parti<\/h3>\n\n\n\n<p>I fornitori di terze parti, tra cui Google, utilizzano cookie per pubblicare annunci in base alle precedenti visite di un utente su questo sito.<\/p>\n\n\n\n<p>L&#8217;utilizzo dei cookie per la pubblicit\u00e0 consente a Google e ai suoi partner di pubblicare annunci per gli utenti di questo sito (e su altri siti) in base ai dati statistici raccolti su questo sito e sui siti web dei partner Google.<\/p>\n\n\n\n<p>Gli utenti possono scegliere di disattivare la pubblicit\u00e0 personalizzata, visitando la pagina Impostazioni annunci.<\/p>\n\n\n\n<p>Visitando la pagina www.aboutads.info potrai disattivare i cookies dei fornitori di terze parti.<\/p>\n\n\n\n<h3 class=\"wp-block-heading\">I nostri partner pubblicitari<\/h3>\n\n\n\n<p>Alcuni dei nostri partner pubblicitari possono utilizzare i cookies sul nostro sito per raccogliere dati sulla navigazione degli utenti in forma anonima. Tra i nostri partner pubblicitari figurano:<\/p>\n\n\n\n<ul class=\"wp-block-list\"><li>facebook, instagram,<\/li><\/ul>\n\n\n\n<p>Gli annunci dei fornitori terze parti gestiscono reti pubblicitarie che utilizzano la tecnologia dei cookies nei rispettivi annunci e nei link che appaiono sul nostro sito. Gli annunci vengono cos\u00ec inviati direttamente al tuo browser. Riceveranno automaticamente il tuo indirizzo IP. Altre tecnologie (come i cookie o JavaScript) possono anche essere utilizzati dalle reti pubblicitarie di terze parti del nostro sito per misurare l&#8217;efficacia delle loro campagne pubblicitarie e\/o personalizzare i contenuti pubblicitari che vedete sul sito.<\/p>\n\n\n\n<p>Il nostro sito non ha accesso o non controlla questi cookie utilizzati da inserzionisti di terze parti.<\/p>\n\n\n\n<h3 class=\"wp-block-heading\">Norme sulla privacy di terze parti<\/h3>\n\n\n\n<p>\u00c8 necessario consultare le rispettive norme sulla privacy di questi server di terze parti per ulteriori informazioni sulle loro pratiche e per istruzioni su come disattivare alcune pratiche.<\/p>\n\n\n\n<p>La nostra politica sulla privacy non si applica ai fornitori di terze parti ed ai partner pubblicitari, e non possiamo controllare le attivit\u00e0 di tali altri inserzionisti o siti web.<\/p>\n\n\n\n<p>Se desideri disattivare i cookie, puoi farlo attraverso le tue singole opzioni del browser. Ulteriori informazioni sulla gestione dei cookie con browser web specifico possono essere trovati nei rispettivi siti web dei browser<\/p>\n\n\n\n<h3 class=\"wp-block-heading\">Finalit\u00e0 del trattamento<\/h3>\n\n\n\n<p>I dati possono essere raccolti per una o pi\u00f9 delle seguenti finalit\u00e0:<\/p>\n\n\n\n<ul class=\"wp-block-list\"><li>fornire l&#8217;accesso ad aree riservate del Portale e di Portali\/siti collegati con il presente e all&#8217;invio di comunicazioni anche di carattere commerciale, notizie, aggiornamenti sulle iniziative di questo sito e delle societ\u00e0 da essa controllate e\/o collegate e\/o Sponsor.<\/li><li>eventuale cessione a terzi dei suddetti dati, sempre finalizzata alla realizzazione di campagne di email marketing ed all&#8217;invio di comunicazioni di carattere commerciale.<\/li><li>eseguire gli obblighi previsti da leggi o regolamenti;<\/li><li>gestione contatti;<\/li><\/ul>\n\n\n\n<h3 class=\"wp-block-heading\">Modalit\u00e0 del trattamento<\/h3>\n\n\n\n<p>I dati verranno trattati con le seguenti modalit\u00e0:<\/p>\n\n\n\n<ul class=\"wp-block-list\"><li>raccolta dati con modalit\u00e0 single-opt, in apposito database;<\/li><li>registrazione ed elaborazione su supporto cartaceo e\/o magnetico;<\/li><li>organizzazione degli archivi in forma prevalentemente automatizzata, ai sensi del Disciplinare Tecnico in materia di misure minime di sicurezza, Allegato B del Codice della Privacy.<\/li><\/ul>\n\n\n\n<h3 class=\"wp-block-heading\">Natura obbligatoria<\/h3>\n\n\n\n<p>Tutti i dati richiesti sono obbligatori.<\/p>\n\n\n\n<h3 class=\"wp-block-heading\">Soggetti a cui dati potranno essere comunicati i dati personali<\/h3>\n\n\n\n<p>I dati raccolti potranno essere comunicati a:<\/p>\n\n\n\n<ul class=\"wp-block-list\"><li>societ\u00e0 e imprese per usi di direct mailing o attivit\u00e0 analoghe;<\/li><li>associazioni e fondazioni intenzionate ad acquistare spazi pubblicitari sulle liste o sul sito e\/o collegate alla fornitura di un particolare servizio.<\/li><li>soggetti che debbano avere accesso ai dati, come da norme di legge o di normative secondarie e\/o comunitarie.<\/li><\/ul>\n\n\n\n<h3 class=\"wp-block-heading\">Diritti dell&#8217;interessato<\/h3>\n\n\n\n<p>Ai sensi ai sensi dell&#8217;art. 7 (Diritto di accesso ai dati personali ed altri diritti) del Codice della Privacy, vi segnaliamo che i vostri diritti in ordine al trattamento dei dati sono:<\/p>\n\n\n\n<ul class=\"wp-block-list\"><li>conoscere, mediante accesso gratuito l&#8217;esistenza di trattamenti di dati che possano riguardarvi;<\/li><li>essere informati sulla natura e sulle finalit\u00e0 del trattamento<\/li><li>ottenere a cura del titolare, senza ritardo:<\/li><li>la conferma dell&#8217;esistenza o meno di dati personali che vi riguardano, anche se non ancora registrati, e la comunicazione in forma intellegibile dei medesimi dati e della loro origine, nonch\u00e9 della logica e delle finalit\u00e0 su cui si basa il trattamento; la richiesta pu\u00f2 essere rinnovata, salva l&#8217;esistenza di giustificati motivi, con intervallo non minore di novanta giorni;<\/li><li>la cancellazione, la trasformazione in forma anonima o il blocco dei dati trattati in violazione di legge, compresi quelli di cui non \u00e8 necessaria la conservazione in relazione agli scopi per i quali i dati sono stati raccolti o successivamente trattati;<\/li><li>l&#8217;aggiornamento, la rettifica ovvero, qualora vi abbia interesse, l&#8217;integrazione dei dati esistenti;<\/li><li>opporvi in tutto o in parte per motivi legittimi al trattamento dei dati personali che vi riguardano ancorch\u00e9 pertinenti allo scopo della raccolta;<\/li><\/ul>\n\n\n\n<p>Vi segnaliamo che il titolare del trattamento ad ogni effetto di legge \u00e8:<\/p>\n\n\n\n<ul class=\"wp-block-list\"><li>Fanuco srls<\/li><li>P. IVA IT05927660653<\/li><li>Via Acqua del Fico, snc<\/li><li>84048 &#8211; Castellabate (SA)<\/li><li>Tel\/Fax: 3773535095<\/li><li>E-mail: fanuco@pec.it<\/li><\/ul>\n\n\n\n<p>Per esercitare i diritti previsti all&#8217;art. 7 del Codice della Privacy ovvero per la cancellazione dei vostri dati dall&#8217;archivio, \u00e8 sufficiente contattarci attraverso uno dei canali messi a disposizione.<\/p>\n\n\n\n<p>Tutti i dati sono protetti attraverso l&#8217;uso di antivirus, firewall e protezione attraverso password.<\/p>\n\n\n\n<h3 class=\"wp-block-heading\">Informazioni per i bambini<\/h3>\n\n\n\n<p>Riteniamo importante assicurare una protezione aggiunta ai bambini online. Noi incoraggiamo i genitori e i tutori a trascorrere del tempo online con i loro figli per osservare, partecipare e\/o monitorare e guidare la loro attivit\u00e0 online. Noi non raccogliamo dati personali di minori. Se un genitore o un tutore crede che il nostro sito abbia nel suo database le informazioni personali di un bambino, vi preghiamo di contattarci immediatamente (utilizzando la mail fornita) e faremo di tutto per rimuovere tali informazioni il pi\u00f9 presto possibile.<\/p>\n\n\n\n<p>Questa politica sulla privacy si applica solo alle nostre attivit\u00e0 online ed \u00e8 valida per i visitatori del nostro sito web e per quanto riguarda le informazioni condivise e\/o raccolte. Questa politica non si applica a qualsiasi informazione raccolta in modalit\u00e0 offline o tramite canali diversi da questo sito web.<\/p>\n\n\n\n<h3 class=\"wp-block-heading\">Consenso<\/h3>\n\n\n\n<p>Usando il nostro sito web, acconsenti alla nostra politica sulla privacy e accetti i suoi termini. Se desideri ulteriori informazioni o hai domande sulla nostra politica sulla privacy non esitare a contattarci.<\/p>\n","protected":false},"excerpt":{"rendered":"<p>Informativa ai sensi dell&#8217;art. 13 del Codice della Privacy Ai sensi dell&#8217;articolo 13 del codice della D.Lgs. 196\/2003, vi rendiamo le seguenti informazioni. Noi di www.burningsun.it riteniamo che la privacy dei nostri visitatori sia estremamente&#8230;<\/p>\n<a href=\"https:\/\/burningsun.eu\/en\/privacy-policy\/\" class=\"readmore\" title=\"Read More\">Leggi tutto<\/a>","protected":false},"author":1,"featured_media":0,"parent":0,"menu_order":0,"comment_status":"closed","ping_status":"open","template":"template-page.php","meta":{"_acf_changed":false,"footnotes":""},"class_list":["post-3","page","type-page","status-publish","hentry"],"acf":[],"yoast_head":"<!-- This site is optimized with the Yoast SEO plugin v26.5 - https:\/\/yoast.com\/wordpress\/plugins\/seo\/ -->\n<title>Privacy Policy - BurningSun<\/title>\n<meta name=\"robots\" content=\"index, follow, max-snippet:-1, max-image-preview:large, max-video-preview:-1\" \/>\n<link rel=\"canonical\" href=\"https:\/\/burningsun.eu\/en\/privacy-policy\/\" \/>\n<meta property=\"og:locale\" content=\"en_US\" \/>\n<meta property=\"og:type\" content=\"article\" \/>\n<meta property=\"og:title\" content=\"Privacy Policy - BurningSun\" \/>\n<meta property=\"og:description\" content=\"Informativa ai sensi dell&#8217;art. 13 del Codice della Privacy Ai sensi dell&#8217;articolo 13 del codice della D.Lgs. 196\/2003, vi rendiamo le seguenti informazioni. Noi di www.burningsun.it riteniamo che la privacy dei nostri visitatori sia estremamente...\" \/>\n<meta property=\"og:url\" content=\"https:\/\/burningsun.eu\/en\/privacy-policy\/\" \/>\n<meta property=\"og:site_name\" content=\"BurningSun\" \/>\n<meta property=\"article:modified_time\" content=\"2021-10-20T12:53:34+00:00\" \/>\n<meta name=\"twitter:card\" content=\"summary_large_image\" \/>\n<meta name=\"twitter:label1\" content=\"Est. reading time\" \/>\n\t<meta name=\"twitter:data1\" content=\"7 minutes\" \/>\n<script type=\"application\/ld+json\" class=\"yoast-schema-graph\">{\"@context\":\"https:\/\/schema.org\",\"@graph\":[{\"@type\":\"WebPage\",\"@id\":\"https:\/\/burningsun.eu\/en\/privacy-policy\/\",\"url\":\"https:\/\/burningsun.eu\/en\/privacy-policy\/\",\"name\":\"Privacy Policy - BurningSun\",\"isPartOf\":{\"@id\":\"https:\/\/burningsun.eu\/en\/#website\"},\"datePublished\":\"2021-09-28T12:20:10+00:00\",\"dateModified\":\"2021-10-20T12:53:34+00:00\",\"breadcrumb\":{\"@id\":\"https:\/\/burningsun.eu\/en\/privacy-policy\/#breadcrumb\"},\"inLanguage\":\"en-US\",\"potentialAction\":[{\"@type\":\"ReadAction\",\"target\":[\"https:\/\/burningsun.eu\/en\/privacy-policy\/\"]}]},{\"@type\":\"BreadcrumbList\",\"@id\":\"https:\/\/burningsun.eu\/en\/privacy-policy\/#breadcrumb\",\"itemListElement\":[{\"@type\":\"ListItem\",\"position\":1,\"name\":\"Home\",\"item\":\"https:\/\/burningsun.eu\/en\/home\/\"},{\"@type\":\"ListItem\",\"position\":2,\"name\":\"Privacy Policy\"}]},{\"@type\":\"WebSite\",\"@id\":\"https:\/\/burningsun.eu\/en\/#website\",\"url\":\"https:\/\/burningsun.eu\/en\/\",\"name\":\"BurningSun\",\"description\":\"La natura prima di tutto\",\"publisher\":{\"@id\":\"https:\/\/burningsun.eu\/en\/#organization\"},\"potentialAction\":[{\"@type\":\"SearchAction\",\"target\":{\"@type\":\"EntryPoint\",\"urlTemplate\":\"https:\/\/burningsun.eu\/en\/?s={search_term_string}\"},\"query-input\":{\"@type\":\"PropertyValueSpecification\",\"valueRequired\":true,\"valueName\":\"search_term_string\"}}],\"inLanguage\":\"en-US\"},{\"@type\":\"Organization\",\"@id\":\"https:\/\/burningsun.eu\/en\/#organization\",\"name\":\"BurningSun\",\"url\":\"https:\/\/burningsun.eu\/en\/\",\"logo\":{\"@type\":\"ImageObject\",\"inLanguage\":\"en-US\",\"@id\":\"https:\/\/burningsun.eu\/en\/#\/schema\/logo\/image\/\",\"url\":\"https:\/\/burningsun.eu\/wp-content\/uploads\/2021\/12\/Logo-Scritta-BurningSun.svg\",\"contentUrl\":\"https:\/\/burningsun.eu\/wp-content\/uploads\/2021\/12\/Logo-Scritta-BurningSun.svg\",\"width\":1,\"height\":1,\"caption\":\"BurningSun\"},\"image\":{\"@id\":\"https:\/\/burningsun.eu\/en\/#\/schema\/logo\/image\/\"}}]}<\/script>\n<!-- \/ Yoast SEO plugin. -->","yoast_head_json":{"title":"Privacy Policy - BurningSun","robots":{"index":"index","follow":"follow","max-snippet":"max-snippet:-1","max-image-preview":"max-image-preview:large","max-video-preview":"max-video-preview:-1"},"canonical":"https:\/\/burningsun.eu\/en\/privacy-policy\/","og_locale":"en_US","og_type":"article","og_title":"Privacy Policy - BurningSun","og_description":"Informativa ai sensi dell&#8217;art. 13 del Codice della Privacy Ai sensi dell&#8217;articolo 13 del codice della D.Lgs. 196\/2003, vi rendiamo le seguenti informazioni. Noi di www.burningsun.it riteniamo che la privacy dei nostri visitatori sia estremamente...","og_url":"https:\/\/burningsun.eu\/en\/privacy-policy\/","og_site_name":"BurningSun","article_modified_time":"2021-10-20T12:53:34+00:00","twitter_card":"summary_large_image","twitter_misc":{"Est. reading time":"7 minutes"},"schema":{"@context":"https:\/\/schema.org","@graph":[{"@type":"WebPage","@id":"https:\/\/burningsun.eu\/en\/privacy-policy\/","url":"https:\/\/burningsun.eu\/en\/privacy-policy\/","name":"Privacy Policy - BurningSun","isPartOf":{"@id":"https:\/\/burningsun.eu\/en\/#website"},"datePublished":"2021-09-28T12:20:10+00:00","dateModified":"2021-10-20T12:53:34+00:00","breadcrumb":{"@id":"https:\/\/burningsun.eu\/en\/privacy-policy\/#breadcrumb"},"inLanguage":"en-US","potentialAction":[{"@type":"ReadAction","target":["https:\/\/burningsun.eu\/en\/privacy-policy\/"]}]},{"@type":"BreadcrumbList","@id":"https:\/\/burningsun.eu\/en\/privacy-policy\/#breadcrumb","itemListElement":[{"@type":"ListItem","position":1,"name":"Home","item":"https:\/\/burningsun.eu\/en\/home\/"},{"@type":"ListItem","position":2,"name":"Privacy Policy"}]},{"@type":"WebSite","@id":"https:\/\/burningsun.eu\/en\/#website","url":"https:\/\/burningsun.eu\/en\/","name":"BurningSun","description":"La natura prima di tutto","publisher":{"@id":"https:\/\/burningsun.eu\/en\/#organization"},"potentialAction":[{"@type":"SearchAction","target":{"@type":"EntryPoint","urlTemplate":"https:\/\/burningsun.eu\/en\/?s={search_term_string}"},"query-input":{"@type":"PropertyValueSpecification","valueRequired":true,"valueName":"search_term_string"}}],"inLanguage":"en-US"},{"@type":"Organization","@id":"https:\/\/burningsun.eu\/en\/#organization","name":"BurningSun","url":"https:\/\/burningsun.eu\/en\/","logo":{"@type":"ImageObject","inLanguage":"en-US","@id":"https:\/\/burningsun.eu\/en\/#\/schema\/logo\/image\/","url":"https:\/\/burningsun.eu\/wp-content\/uploads\/2021\/12\/Logo-Scritta-BurningSun.svg","contentUrl":"https:\/\/burningsun.eu\/wp-content\/uploads\/2021\/12\/Logo-Scritta-BurningSun.svg","width":1,"height":1,"caption":"BurningSun"},"image":{"@id":"https:\/\/burningsun.eu\/en\/#\/schema\/logo\/image\/"}}]}},"_links":{"self":[{"href":"https:\/\/burningsun.eu\/en\/wp-json\/wp\/v2\/pages\/3","targetHints":{"allow":["GET"]}}],"collection":[{"href":"https:\/\/burningsun.eu\/en\/wp-json\/wp\/v2\/pages"}],"about":[{"href":"https:\/\/burningsun.eu\/en\/wp-json\/wp\/v2\/types\/page"}],"author":[{"embeddable":true,"href":"https:\/\/burningsun.eu\/en\/wp-json\/wp\/v2\/users\/1"}],"replies":[{"embeddable":true,"href":"https:\/\/burningsun.eu\/en\/wp-json\/wp\/v2\/comments?post=3"}],"version-history":[{"count":0,"href":"https:\/\/burningsun.eu\/en\/wp-json\/wp\/v2\/pages\/3\/revisions"}],"wp:attachment":[{"href":"https:\/\/burningsun.eu\/en\/wp-json\/wp\/v2\/media?parent=3"}],"curies":[{"name":"wp","href":"https:\/\/api.w.org\/{rel}","templated":true}]}}