{"id":607,"date":"2021-11-18T16:53:06","date_gmt":"2021-11-18T14:53:06","guid":{"rendered":"https:\/\/burningsun.eu\/?page_id=607"},"modified":"2022-01-19T19:44:37","modified_gmt":"2022-01-19T18:44:37","slug":"chi-siamo","status":"publish","type":"page","link":"https:\/\/burningsun.eu\/en\/chi-siamo\/","title":{"rendered":"Chi siamo"},"content":{"rendered":"\n<div class=\"wp-block-group p-3 has-primary-color has-white-background-color has-text-color has-background is-layout-constrained wp-container-core-group-is-layout-877d05fa wp-block-group-is-layout-constrained\">\n<p>In queste pagine avrete la possibilit\u00e0 di acquisire conoscenze e informazioni sui benefici di <strong>una vita sana<\/strong>.<\/p>\n\n\n\n<p>Il nostro obiettivo \u00e8 rendere tutti sempre pi\u00f9 consapevoli del dialogo che ognuno di noi \u00e8 tenuto ad avere con la <strong>Natura<\/strong>. Esiste un linguaggio comune fatto di molecole ed energie: sta a noi permettere ad ogni cellula del corpo di comunicare con le altre\u2026 e il tutto con la natura che ci circonda. Le nostre proposte di acquisto sono un&#8217;attenta selezione dei migliori marchi di prodotti biologici, provenienti da Madre Terra.<\/p>\n\n\n\n<p>Benvenuti in <strong>BurningSun<\/strong>!<\/p>\n<\/div>\n\n\n\n<div class=\"wp-block-group p-3 is-layout-constrained wp-container-core-group-is-layout-877d05fa wp-block-group-is-layout-constrained\">\n<div class=\"wp-block-cover has-primary-bg-extralight-background-color has-parallax\" style=\"background-image:url(https:\/\/burningsun.eu\/wp-content\/uploads\/2021\/11\/chisiamo2.png);min-height:757px;aspect-ratio:unset;\"><div class=\"wp-block-cover__inner-container is-layout-flow wp-block-cover-is-layout-flow\">\n<p class=\"has-text-align-center has-white-color has-text-color has-large-font-size\">Vivi il sole, <\/p>\n\n\n\n<p class=\"has-text-align-center has-white-color has-text-color has-large-font-size\">nuota nel mare, <\/p>\n\n\n\n<p class=\"has-text-align-center has-white-color has-text-color has-large-font-size\">bevi l&#8217;aria selvaggia!<\/p>\n<\/div><\/div>\n<\/div>\n","protected":false},"excerpt":{"rendered":"<p>In queste pagine avrete la possibilit\u00e0 di acquisire conoscenze e informazioni sui benefici di una vita sana. Il nostro obiettivo \u00e8 rendere tutti sempre pi\u00f9 consapevoli del dialogo che ognuno di noi \u00e8 tenuto ad&#8230;<\/p>\n<a href=\"https:\/\/burningsun.eu\/en\/chi-siamo\/\" class=\"readmore\" title=\"Read More\">Leggi tutto<\/a>","protected":false},"author":1,"featured_media":0,"parent":0,"menu_order":0,"comment_status":"closed","ping_status":"closed","template":"template-page.php","meta":{"_acf_changed":false,"footnotes":""},"class_list":["post-607","page","type-page","status-publish","hentry"],"acf":[],"yoast_head":"<!-- This site is optimized with the Yoast SEO plugin v26.5 - https:\/\/yoast.com\/wordpress\/plugins\/seo\/ -->\n<title>Chi siamo - BurningSun<\/title>\n<meta name=\"robots\" content=\"index, follow, max-snippet:-1, max-image-preview:large, max-video-preview:-1\" \/>\n<link rel=\"canonical\" href=\"https:\/\/burningsun.eu\/en\/chi-siamo\/\" \/>\n<meta property=\"og:locale\" content=\"en_US\" \/>\n<meta property=\"og:type\" content=\"article\" \/>\n<meta property=\"og:title\" content=\"Chi siamo - BurningSun\" \/>\n<meta property=\"og:description\" content=\"In queste pagine avrete la possibilit\u00e0 di acquisire conoscenze e informazioni sui benefici di una vita sana. Il nostro obiettivo \u00e8 rendere tutti sempre pi\u00f9 consapevoli del dialogo che ognuno di noi \u00e8 tenuto ad...\" \/>\n<meta property=\"og:url\" content=\"https:\/\/burningsun.eu\/en\/chi-siamo\/\" \/>\n<meta property=\"og:site_name\" content=\"BurningSun\" \/>\n<meta property=\"article:modified_time\" content=\"2022-01-19T18:44:37+00:00\" \/>\n<meta name=\"twitter:card\" content=\"summary_large_image\" \/>\n<meta name=\"twitter:label1\" content=\"Est. reading time\" \/>\n\t<meta name=\"twitter:data1\" content=\"1 minute\" \/>\n<script type=\"application\/ld+json\" class=\"yoast-schema-graph\">{\"@context\":\"https:\/\/schema.org\",\"@graph\":[{\"@type\":\"WebPage\",\"@id\":\"https:\/\/burningsun.eu\/en\/chi-siamo\/\",\"url\":\"https:\/\/burningsun.eu\/en\/chi-siamo\/\",\"name\":\"Chi siamo - BurningSun\",\"isPartOf\":{\"@id\":\"https:\/\/burningsun.eu\/en\/#website\"},\"datePublished\":\"2021-11-18T14:53:06+00:00\",\"dateModified\":\"2022-01-19T18:44:37+00:00\",\"breadcrumb\":{\"@id\":\"https:\/\/burningsun.eu\/en\/chi-siamo\/#breadcrumb\"},\"inLanguage\":\"en-US\",\"potentialAction\":[{\"@type\":\"ReadAction\",\"target\":[\"https:\/\/burningsun.eu\/en\/chi-siamo\/\"]}]},{\"@type\":\"BreadcrumbList\",\"@id\":\"https:\/\/burningsun.eu\/en\/chi-siamo\/#breadcrumb\",\"itemListElement\":[{\"@type\":\"ListItem\",\"position\":1,\"name\":\"Home\",\"item\":\"https:\/\/burningsun.eu\/en\/home\/\"},{\"@type\":\"ListItem\",\"position\":2,\"name\":\"Chi siamo\"}]},{\"@type\":\"WebSite\",\"@id\":\"https:\/\/burningsun.eu\/en\/#website\",\"url\":\"https:\/\/burningsun.eu\/en\/\",\"name\":\"BurningSun\",\"description\":\"La natura prima di tutto\",\"publisher\":{\"@id\":\"https:\/\/burningsun.eu\/en\/#organization\"},\"potentialAction\":[{\"@type\":\"SearchAction\",\"target\":{\"@type\":\"EntryPoint\",\"urlTemplate\":\"https:\/\/burningsun.eu\/en\/?s={search_term_string}\"},\"query-input\":{\"@type\":\"PropertyValueSpecification\",\"valueRequired\":true,\"valueName\":\"search_term_string\"}}],\"inLanguage\":\"en-US\"},{\"@type\":\"Organization\",\"@id\":\"https:\/\/burningsun.eu\/en\/#organization\",\"name\":\"BurningSun\",\"url\":\"https:\/\/burningsun.eu\/en\/\",\"logo\":{\"@type\":\"ImageObject\",\"inLanguage\":\"en-US\",\"@id\":\"https:\/\/burningsun.eu\/en\/#\/schema\/logo\/image\/\",\"url\":\"https:\/\/burningsun.eu\/wp-content\/uploads\/2021\/12\/Logo-Scritta-BurningSun.svg\",\"contentUrl\":\"https:\/\/burningsun.eu\/wp-content\/uploads\/2021\/12\/Logo-Scritta-BurningSun.svg\",\"width\":1,\"height\":1,\"caption\":\"BurningSun\"},\"image\":{\"@id\":\"https:\/\/burningsun.eu\/en\/#\/schema\/logo\/image\/\"}}]}<\/script>\n<!-- \/ Yoast SEO plugin. -->","yoast_head_json":{"title":"Chi siamo - BurningSun","robots":{"index":"index","follow":"follow","max-snippet":"max-snippet:-1","max-image-preview":"max-image-preview:large","max-video-preview":"max-video-preview:-1"},"canonical":"https:\/\/burningsun.eu\/en\/chi-siamo\/","og_locale":"en_US","og_type":"article","og_title":"Chi siamo - BurningSun","og_description":"In queste pagine avrete la possibilit\u00e0 di acquisire conoscenze e informazioni sui benefici di una vita sana. Il nostro obiettivo \u00e8 rendere tutti sempre pi\u00f9 consapevoli del dialogo che ognuno di noi \u00e8 tenuto ad...","og_url":"https:\/\/burningsun.eu\/en\/chi-siamo\/","og_site_name":"BurningSun","article_modified_time":"2022-01-19T18:44:37+00:00","twitter_card":"summary_large_image","twitter_misc":{"Est. reading time":"1 minute"},"schema":{"@context":"https:\/\/schema.org","@graph":[{"@type":"WebPage","@id":"https:\/\/burningsun.eu\/en\/chi-siamo\/","url":"https:\/\/burningsun.eu\/en\/chi-siamo\/","name":"Chi siamo - BurningSun","isPartOf":{"@id":"https:\/\/burningsun.eu\/en\/#website"},"datePublished":"2021-11-18T14:53:06+00:00","dateModified":"2022-01-19T18:44:37+00:00","breadcrumb":{"@id":"https:\/\/burningsun.eu\/en\/chi-siamo\/#breadcrumb"},"inLanguage":"en-US","potentialAction":[{"@type":"ReadAction","target":["https:\/\/burningsun.eu\/en\/chi-siamo\/"]}]},{"@type":"BreadcrumbList","@id":"https:\/\/burningsun.eu\/en\/chi-siamo\/#breadcrumb","itemListElement":[{"@type":"ListItem","position":1,"name":"Home","item":"https:\/\/burningsun.eu\/en\/home\/"},{"@type":"ListItem","position":2,"name":"Chi siamo"}]},{"@type":"WebSite","@id":"https:\/\/burningsun.eu\/en\/#website","url":"https:\/\/burningsun.eu\/en\/","name":"BurningSun","description":"La natura prima di tutto","publisher":{"@id":"https:\/\/burningsun.eu\/en\/#organization"},"potentialAction":[{"@type":"SearchAction","target":{"@type":"EntryPoint","urlTemplate":"https:\/\/burningsun.eu\/en\/?s={search_term_string}"},"query-input":{"@type":"PropertyValueSpecification","valueRequired":true,"valueName":"search_term_string"}}],"inLanguage":"en-US"},{"@type":"Organization","@id":"https:\/\/burningsun.eu\/en\/#organization","name":"BurningSun","url":"https:\/\/burningsun.eu\/en\/","logo":{"@type":"ImageObject","inLanguage":"en-US","@id":"https:\/\/burningsun.eu\/en\/#\/schema\/logo\/image\/","url":"https:\/\/burningsun.eu\/wp-content\/uploads\/2021\/12\/Logo-Scritta-BurningSun.svg","contentUrl":"https:\/\/burningsun.eu\/wp-content\/uploads\/2021\/12\/Logo-Scritta-BurningSun.svg","width":1,"height":1,"caption":"BurningSun"},"image":{"@id":"https:\/\/burningsun.eu\/en\/#\/schema\/logo\/image\/"}}]}},"_links":{"self":[{"href":"https:\/\/burningsun.eu\/en\/wp-json\/wp\/v2\/pages\/607","targetHints":{"allow":["GET"]}}],"collection":[{"href":"https:\/\/burningsun.eu\/en\/wp-json\/wp\/v2\/pages"}],"about":[{"href":"https:\/\/burningsun.eu\/en\/wp-json\/wp\/v2\/types\/page"}],"author":[{"embeddable":true,"href":"https:\/\/burningsun.eu\/en\/wp-json\/wp\/v2\/users\/1"}],"replies":[{"embeddable":true,"href":"https:\/\/burningsun.eu\/en\/wp-json\/wp\/v2\/comments?post=607"}],"version-history":[{"count":8,"href":"https:\/\/burningsun.eu\/en\/wp-json\/wp\/v2\/pages\/607\/revisions"}],"predecessor-version":[{"id":2146,"href":"https:\/\/burningsun.eu\/en\/wp-json\/wp\/v2\/pages\/607\/revisions\/2146"}],"wp:attachment":[{"href":"https:\/\/burningsun.eu\/en\/wp-json\/wp\/v2\/media?parent=607"}],"curies":[{"name":"wp","href":"https:\/\/api.w.org\/{rel}","templated":true}]}}