{"id":1141,"date":"2021-11-22T22:20:39","date_gmt":"2021-11-22T20:20:39","guid":{"rendered":"https:\/\/burningsun.eu\/?post_type=product&#038;p=1141"},"modified":"2022-12-06T20:43:12","modified_gmt":"2022-12-06T19:43:12","slug":"specchietto-retrovisore-per-e-bike","status":"publish","type":"product","link":"https:\/\/burningsun.eu\/en\/prodotto\/specchietto-retrovisore-per-e-bike\/","title":{"rendered":"Specchietto retrovisore per e-bike"},"content":{"rendered":"<p>Specchio convesso per bicicletta in plastica: lo specchio per mountain bike presenta lo specchio convesso con il suo ampio campo visivo ed \u00e8 regolabile per qualsiasi angolo di visione.<br \/>\nNOTA: Ricordarsi di rimuovere la pellicola protettiva della superficie prima dell\u2019uso.<\/p>\n<p>Rotazione flessibile a 360 \u00b0: le articolazioni dello specchio sono forti e flessibili, possono essere ruotate di 360 gradi per regolare la posizione dello specchio, possono essere regolate in qualsiasi direzione si desideri vedere, per aiutarti a osservare la situazione dietro, capire meglio il posizione dei veicoli vicini e ottenere il miglior effetto visivo.<\/p>\n<p>Adatta sia a sinistra che a destra: si adatta all\u2019interno del manubrio entro 17,4 mm ~ 22 mm (diametro interno), applicabile sia a sinistra che a destra.<br \/>\nNOTA: Questo specchio \u00e8 venduto come specchio singolo, non come coppia.<\/p>\n<p>Robusto e durevole: alta qualit\u00e0. La superficie dello specchio lucida, il guscio in plastica di alta qualit\u00e0 fornisce protezione per la superficie dello specchio, resistente ai graffi, anche in discesa, lo specchio non si agiter\u00e0, si antiframmentazione e ha una lunga durata.<\/p>\n<p>Regalo perfetto per il tuo ciclismo: progettato per bici da citt\u00e0 \/ bicicletta \/ mountain bike \/ bici da strada \/ e-bike \/ bmx. Se hai qualche problema con il nostro prodotto, non esitare a contattarci, ti aiuteremo a risolvere il problema al pi\u00f9 presto<\/p>\n","protected":false},"excerpt":{"rendered":"<p>L&#8217;accessorio giusto per guidare sempre in totale sicurezza.<\/p>\n<a href=\"https:\/\/burningsun.eu\/en\/prodotto\/specchietto-retrovisore-per-e-bike\/\" class=\"readmore\" title=\"Read More\">Leggi tutto<\/a>","protected":false},"featured_media":1194,"comment_status":"open","ping_status":"closed","template":"","meta":{"_acf_changed":false},"product_brand":[],"product_cat":[21,113],"product_tag":[],"class_list":{"0":"post-1141","1":"product","2":"type-product","3":"status-publish","4":"has-post-thumbnail","6":"product_cat-energy","7":"product_cat-accessori","8":"product_shipping_class-gratuita","10":"first","11":"outofstock","12":"taxable","13":"shipping-taxable","14":"purchasable","15":"product-type-simple"},"acf":{"accordion-product":""},"yoast_head":"<!-- This site is optimized with the Yoast SEO plugin v26.5 - https:\/\/yoast.com\/wordpress\/plugins\/seo\/ -->\n<title>Scopri lo specchietto retrovisore per e-bike. Accessori E-Power Italia<\/title>\n<meta name=\"description\" content=\"Acquista lo specchietto retrovisore per e-bike. Scopri gli accessori E-Power Italia e ordina comodamente da casa.\" \/>\n<meta name=\"robots\" content=\"index, follow, max-snippet:-1, max-image-preview:large, max-video-preview:-1\" \/>\n<link rel=\"canonical\" href=\"https:\/\/burningsun.eu\/en\/prodotto\/specchietto-retrovisore-per-e-bike\/\" \/>\n<meta property=\"og:locale\" content=\"en_US\" \/>\n<meta property=\"og:type\" content=\"article\" \/>\n<meta property=\"og:title\" content=\"Scopri lo specchietto retrovisore per e-bike. Accessori E-Power Italia\" \/>\n<meta property=\"og:description\" content=\"Acquista lo specchietto retrovisore per e-bike. Scopri gli accessori E-Power Italia e ordina comodamente da casa.\" \/>\n<meta property=\"og:url\" content=\"https:\/\/burningsun.eu\/en\/prodotto\/specchietto-retrovisore-per-e-bike\/\" \/>\n<meta property=\"og:site_name\" content=\"BurningSun\" \/>\n<meta property=\"article:modified_time\" content=\"2022-12-06T19:43:12+00:00\" \/>\n<meta property=\"og:image\" content=\"https:\/\/burningsun.eu\/wp-content\/uploads\/2021\/11\/specchietto-manubrio-per-bicicletta.jpg\" \/>\n\t<meta property=\"og:image:width\" content=\"970\" \/>\n\t<meta property=\"og:image:height\" content=\"970\" \/>\n\t<meta property=\"og:image:type\" content=\"image\/jpeg\" \/>\n<meta name=\"twitter:card\" content=\"summary_large_image\" \/>\n<meta name=\"twitter:label1\" content=\"Est. reading time\" \/>\n\t<meta name=\"twitter:data1\" content=\"1 minute\" \/>\n<script type=\"application\/ld+json\" class=\"yoast-schema-graph\">{\"@context\":\"https:\/\/schema.org\",\"@graph\":[{\"@type\":\"WebPage\",\"@id\":\"https:\/\/burningsun.eu\/en\/prodotto\/specchietto-retrovisore-per-e-bike\/\",\"url\":\"https:\/\/burningsun.eu\/en\/prodotto\/specchietto-retrovisore-per-e-bike\/\",\"name\":\"Scopri lo specchietto retrovisore per e-bike. Accessori E-Power Italia\",\"isPartOf\":{\"@id\":\"https:\/\/burningsun.eu\/en\/#website\"},\"primaryImageOfPage\":{\"@id\":\"https:\/\/burningsun.eu\/en\/prodotto\/specchietto-retrovisore-per-e-bike\/#primaryimage\"},\"image\":{\"@id\":\"https:\/\/burningsun.eu\/en\/prodotto\/specchietto-retrovisore-per-e-bike\/#primaryimage\"},\"thumbnailUrl\":\"https:\/\/burningsun.eu\/wp-content\/uploads\/2021\/11\/specchietto-manubrio-per-bicicletta.jpg\",\"datePublished\":\"2021-11-22T20:20:39+00:00\",\"dateModified\":\"2022-12-06T19:43:12+00:00\",\"description\":\"Acquista lo specchietto retrovisore per e-bike. Scopri gli accessori E-Power Italia e ordina comodamente da casa.\",\"breadcrumb\":{\"@id\":\"https:\/\/burningsun.eu\/en\/prodotto\/specchietto-retrovisore-per-e-bike\/#breadcrumb\"},\"inLanguage\":\"en-US\",\"potentialAction\":[{\"@type\":\"ReadAction\",\"target\":[\"https:\/\/burningsun.eu\/en\/prodotto\/specchietto-retrovisore-per-e-bike\/\"]}]},{\"@type\":\"ImageObject\",\"inLanguage\":\"en-US\",\"@id\":\"https:\/\/burningsun.eu\/en\/prodotto\/specchietto-retrovisore-per-e-bike\/#primaryimage\",\"url\":\"https:\/\/burningsun.eu\/wp-content\/uploads\/2021\/11\/specchietto-manubrio-per-bicicletta.jpg\",\"contentUrl\":\"https:\/\/burningsun.eu\/wp-content\/uploads\/2021\/11\/specchietto-manubrio-per-bicicletta.jpg\",\"width\":970,\"height\":970},{\"@type\":\"BreadcrumbList\",\"@id\":\"https:\/\/burningsun.eu\/en\/prodotto\/specchietto-retrovisore-per-e-bike\/#breadcrumb\",\"itemListElement\":[{\"@type\":\"ListItem\",\"position\":1,\"name\":\"Home\",\"item\":\"https:\/\/burningsun.eu\/en\/home\/\"},{\"@type\":\"ListItem\",\"position\":2,\"name\":\"Shop\",\"item\":\"https:\/\/burningsun.eu\/en\/shop\/\"},{\"@type\":\"ListItem\",\"position\":3,\"name\":\"Specchietto retrovisore per e-bike\"}]},{\"@type\":\"WebSite\",\"@id\":\"https:\/\/burningsun.eu\/en\/#website\",\"url\":\"https:\/\/burningsun.eu\/en\/\",\"name\":\"BurningSun\",\"description\":\"La natura prima di tutto\",\"publisher\":{\"@id\":\"https:\/\/burningsun.eu\/en\/#organization\"},\"potentialAction\":[{\"@type\":\"SearchAction\",\"target\":{\"@type\":\"EntryPoint\",\"urlTemplate\":\"https:\/\/burningsun.eu\/en\/?s={search_term_string}\"},\"query-input\":{\"@type\":\"PropertyValueSpecification\",\"valueRequired\":true,\"valueName\":\"search_term_string\"}}],\"inLanguage\":\"en-US\"},{\"@type\":\"Organization\",\"@id\":\"https:\/\/burningsun.eu\/en\/#organization\",\"name\":\"BurningSun\",\"url\":\"https:\/\/burningsun.eu\/en\/\",\"logo\":{\"@type\":\"ImageObject\",\"inLanguage\":\"en-US\",\"@id\":\"https:\/\/burningsun.eu\/en\/#\/schema\/logo\/image\/\",\"url\":\"https:\/\/burningsun.eu\/wp-content\/uploads\/2021\/12\/Logo-Scritta-BurningSun.svg\",\"contentUrl\":\"https:\/\/burningsun.eu\/wp-content\/uploads\/2021\/12\/Logo-Scritta-BurningSun.svg\",\"width\":1,\"height\":1,\"caption\":\"BurningSun\"},\"image\":{\"@id\":\"https:\/\/burningsun.eu\/en\/#\/schema\/logo\/image\/\"}}]}<\/script>\n<!-- \/ Yoast SEO plugin. -->","yoast_head_json":{"title":"Scopri lo specchietto retrovisore per e-bike. Accessori E-Power Italia","description":"Acquista lo specchietto retrovisore per e-bike. Scopri gli accessori E-Power Italia e ordina comodamente da casa.","robots":{"index":"index","follow":"follow","max-snippet":"max-snippet:-1","max-image-preview":"max-image-preview:large","max-video-preview":"max-video-preview:-1"},"canonical":"https:\/\/burningsun.eu\/en\/prodotto\/specchietto-retrovisore-per-e-bike\/","og_locale":"en_US","og_type":"article","og_title":"Scopri lo specchietto retrovisore per e-bike. Accessori E-Power Italia","og_description":"Acquista lo specchietto retrovisore per e-bike. Scopri gli accessori E-Power Italia e ordina comodamente da casa.","og_url":"https:\/\/burningsun.eu\/en\/prodotto\/specchietto-retrovisore-per-e-bike\/","og_site_name":"BurningSun","article_modified_time":"2022-12-06T19:43:12+00:00","og_image":[{"width":970,"height":970,"url":"https:\/\/burningsun.eu\/wp-content\/uploads\/2021\/11\/specchietto-manubrio-per-bicicletta.jpg","type":"image\/jpeg"}],"twitter_card":"summary_large_image","twitter_misc":{"Est. reading time":"1 minute"},"schema":{"@context":"https:\/\/schema.org","@graph":[{"@type":"WebPage","@id":"https:\/\/burningsun.eu\/en\/prodotto\/specchietto-retrovisore-per-e-bike\/","url":"https:\/\/burningsun.eu\/en\/prodotto\/specchietto-retrovisore-per-e-bike\/","name":"Scopri lo specchietto retrovisore per e-bike. Accessori E-Power Italia","isPartOf":{"@id":"https:\/\/burningsun.eu\/en\/#website"},"primaryImageOfPage":{"@id":"https:\/\/burningsun.eu\/en\/prodotto\/specchietto-retrovisore-per-e-bike\/#primaryimage"},"image":{"@id":"https:\/\/burningsun.eu\/en\/prodotto\/specchietto-retrovisore-per-e-bike\/#primaryimage"},"thumbnailUrl":"https:\/\/burningsun.eu\/wp-content\/uploads\/2021\/11\/specchietto-manubrio-per-bicicletta.jpg","datePublished":"2021-11-22T20:20:39+00:00","dateModified":"2022-12-06T19:43:12+00:00","description":"Acquista lo specchietto retrovisore per e-bike. Scopri gli accessori E-Power Italia e ordina comodamente da casa.","breadcrumb":{"@id":"https:\/\/burningsun.eu\/en\/prodotto\/specchietto-retrovisore-per-e-bike\/#breadcrumb"},"inLanguage":"en-US","potentialAction":[{"@type":"ReadAction","target":["https:\/\/burningsun.eu\/en\/prodotto\/specchietto-retrovisore-per-e-bike\/"]}]},{"@type":"ImageObject","inLanguage":"en-US","@id":"https:\/\/burningsun.eu\/en\/prodotto\/specchietto-retrovisore-per-e-bike\/#primaryimage","url":"https:\/\/burningsun.eu\/wp-content\/uploads\/2021\/11\/specchietto-manubrio-per-bicicletta.jpg","contentUrl":"https:\/\/burningsun.eu\/wp-content\/uploads\/2021\/11\/specchietto-manubrio-per-bicicletta.jpg","width":970,"height":970},{"@type":"BreadcrumbList","@id":"https:\/\/burningsun.eu\/en\/prodotto\/specchietto-retrovisore-per-e-bike\/#breadcrumb","itemListElement":[{"@type":"ListItem","position":1,"name":"Home","item":"https:\/\/burningsun.eu\/en\/home\/"},{"@type":"ListItem","position":2,"name":"Shop","item":"https:\/\/burningsun.eu\/en\/shop\/"},{"@type":"ListItem","position":3,"name":"Specchietto retrovisore per e-bike"}]},{"@type":"WebSite","@id":"https:\/\/burningsun.eu\/en\/#website","url":"https:\/\/burningsun.eu\/en\/","name":"BurningSun","description":"La natura prima di tutto","publisher":{"@id":"https:\/\/burningsun.eu\/en\/#organization"},"potentialAction":[{"@type":"SearchAction","target":{"@type":"EntryPoint","urlTemplate":"https:\/\/burningsun.eu\/en\/?s={search_term_string}"},"query-input":{"@type":"PropertyValueSpecification","valueRequired":true,"valueName":"search_term_string"}}],"inLanguage":"en-US"},{"@type":"Organization","@id":"https:\/\/burningsun.eu\/en\/#organization","name":"BurningSun","url":"https:\/\/burningsun.eu\/en\/","logo":{"@type":"ImageObject","inLanguage":"en-US","@id":"https:\/\/burningsun.eu\/en\/#\/schema\/logo\/image\/","url":"https:\/\/burningsun.eu\/wp-content\/uploads\/2021\/12\/Logo-Scritta-BurningSun.svg","contentUrl":"https:\/\/burningsun.eu\/wp-content\/uploads\/2021\/12\/Logo-Scritta-BurningSun.svg","width":1,"height":1,"caption":"BurningSun"},"image":{"@id":"https:\/\/burningsun.eu\/en\/#\/schema\/logo\/image\/"}}]}},"_links":{"self":[{"href":"https:\/\/burningsun.eu\/en\/wp-json\/wp\/v2\/product\/1141","targetHints":{"allow":["GET"]}}],"collection":[{"href":"https:\/\/burningsun.eu\/en\/wp-json\/wp\/v2\/product"}],"about":[{"href":"https:\/\/burningsun.eu\/en\/wp-json\/wp\/v2\/types\/product"}],"replies":[{"embeddable":true,"href":"https:\/\/burningsun.eu\/en\/wp-json\/wp\/v2\/comments?post=1141"}],"wp:featuredmedia":[{"embeddable":true,"href":"https:\/\/burningsun.eu\/en\/wp-json\/wp\/v2\/media\/1194"}],"wp:attachment":[{"href":"https:\/\/burningsun.eu\/en\/wp-json\/wp\/v2\/media?parent=1141"}],"wp:term":[{"taxonomy":"product_brand","embeddable":true,"href":"https:\/\/burningsun.eu\/en\/wp-json\/wp\/v2\/product_brand?post=1141"},{"taxonomy":"product_cat","embeddable":true,"href":"https:\/\/burningsun.eu\/en\/wp-json\/wp\/v2\/product_cat?post=1141"},{"taxonomy":"product_tag","embeddable":true,"href":"https:\/\/burningsun.eu\/en\/wp-json\/wp\/v2\/product_tag?post=1141"}],"curies":[{"name":"wp","href":"https:\/\/api.w.org\/{rel}","templated":true}]}}